{"id":550,"date":"2021-07-28T17:02:00","date_gmt":"2021-07-28T15:02:00","guid":{"rendered":"https:\/\/www.anlegerin.at\/?page_id=550"},"modified":"2021-10-27T11:16:03","modified_gmt":"2021-10-27T09:16:03","slug":"leitfaden-anlegerin","status":"publish","type":"page","link":"https:\/\/wordpress.fobis.org\/anlegerin\/leitfaden-anlegerin\/","title":{"rendered":"Leitfaden f\u00fcr Neu-Anlegerinnen"},"content":{"rendered":"\n<h4 class=\"wp-block-heading\">Voraussetzungen:<\/h4>\n\n\n\n<p>Was ben\u00f6tigt frau um selbst\u00e4ndig online in Wertpapiere anlegen zu k\u00f6nnen?<\/p>\n\n\n\n<ul class=\"wp-block-list\"><li>ein Girokonto<\/li><li>Verrechnungskonto und ein Wertpapier-Depot falls es nicht bei der Bank angelegt werden soll oder kann, bei der frau ein Girokonto hat (z.B.: <a href=\"https:\/\/flatex.de\" target=\"_blank\" rel=\"noreferrer noopener\">flatex.de<\/a> oder <a rel=\"noreferrer noopener\" href=\"https:\/\/www.ing.de\" target=\"_blank\">ING Bank<\/a> f\u00fcr deutsche Staatsb\u00fcger oder <a rel=\"noreferrer noopener\" href=\"https:\/\/www.flatex.at\/\" target=\"_blank\">flatex.at<\/a> f\u00fcr \u00f6sterreichische Staatsb\u00fcrger)<\/li><li>optional auch Zugang zu einer Wertpapier-Plattform, um Informationen \u00fcber Anlagem\u00f6glichkeiten abrufen zu k\u00f6nnen, am besten verkn\u00fcpfbar mit dem Echtgeld-Depot (z.B.: <a rel=\"noreferrer noopener\" href=\"https:\/\/go.guidants.com\/de\/\" target=\"_blank\">Guidants<\/a>)<\/li><li>optional ein Musterdepot oder <a rel=\"noreferrer noopener\" href=\"https:\/\/www.wikifolio.com\/de\/de\/alle-wikifolios\/uebersicht\" target=\"_blank\">Wikifolio<\/a> zum risikofreien Testen<\/li><\/ul>\n\n\n\n<p>Das war&#8217;s auch schon. Zu beachten ist, dass frau unbedingt die Kosten vergleichen sollte, einerseits Depotf\u00fchrungskosten und andererseits Transaktionsgeb\u00fchren. Die k\u00f6nnen bei der Hausbank viel h\u00f6her sein als bei einem Broker. Siehe <a rel=\"noreferrer noopener\" href=\"https:\/\/www.broker-test.at\/\" target=\"_blank\">broker-test.at<\/a><\/p>\n\n\n\n<p>Wird das Depot nicht bei der Hausbank eingerichtet, muss sich frau  legitimieren. Das geht zumeist online, ist aber manchmal nicht ganz unkompliziert. Ich zum Beispiel bin an einer Legitimation per Smartphone gescheitert, bei der ich meinen Pass mit Finger in die Kamera halten sollte. Der Bildausschnitt war immer falsch. Dann ging&#8217;s aber per Post. Das hat auch nur ein paar Tage gedauert.<\/p>\n\n\n\n<p>Auch noch wichtig zu wissen: Die anfallende Steuer wird bei inl\u00e4ndischen depotf\u00fchrenden Banken automatisch abgezogen und bleibt im Verlustverrechnungstopf zur Gegenrechnung bei realisierten Verlusten. Ich als \u00d6sterreicher habe meine Depots bei \u00f6sterreichischen Banken. Da musste ich nicht einmal eine Steuernummer angeben. Das ist mir pers\u00f6nlich lieber als dann im Falle eines ausl\u00e4ndischen Brokers wom\u00f6glich selber die Steuer ausrechnen zu m\u00fcssen, auch dann wenn es durchaus g\u00fcnstigere Optionen im Ausland gibt. Ordergeb\u00fchr bei meinen Banken je nach B\u00f6rsenplatz zwischen 5,90 \u20ac (<a rel=\"noreferrer noopener\" href=\"https:\/\/www.flatex.at\/\" target=\"_blank\">flatex.at<\/a>) und 30 \u20ac (<a rel=\"noreferrer noopener\" href=\"https:\/\/www.sparkasse.at\/erstebank\/privatkunden\" target=\"_blank\">ERSTE<\/a>). Ordergeb\u00fchr bei g\u00fcnstigen US-Brokern teilweise unter 1 \u20ac. Innerhalb der EU geht das normalerweise auch, dann muss die Steuernummer aber auch im Rahmen der Legitimation angegeben werden.<\/p>\n\n\n\n<h4 class=\"wp-block-heading\">Empfehlungen:<\/h4>\n\n\n\n<p>Um ein Gef\u00fchl f\u00fcr den Wertpapierhandel zu bekommen empfehle ich zun\u00e4chst nur in ETFs zu investieren, vorzugsweise in solche, die ein geringes Risiko aufweisen. Da kann nicht so viel schiefgehen, insbesondere dann wenn hier zun\u00e4chst keine zu spezifischen Themen-ETFs ausgew\u00e4hlt werden. In dem Bereich werden oft auch Ansparpl\u00e4ne angeboten, was f\u00fcr kleine B\u00f6rsen ideal ist.<\/p>\n\n\n\n<p>Will frau sich im Aktienhandel versuchen, ist es empfehlenswert zun\u00e4chst ein Musterdepot anzulegen. Ich hatte diese M\u00f6glichkeit direkt bei meiner Hausbank. Sehr einfach und kostenlos geht das auch bei <a rel=\"noreferrer noopener\" href=\"https:\/\/www.wikifolio.com\/de\/de\/alle-wikifolios\/uebersicht\" target=\"_blank\">Wikifolio<\/a>. Das soll und muss gar nicht \u00f6ffentlich sein.<\/p>\n\n\n\n<p>Meine pers\u00f6nliche Erfahrung ist, dass auf Grund der anfallenden Geb\u00fchren und Steuern ein Wertpapierkauf nur bei einem Mindestbudget Sinn macht, und das auch nur, wenn auf eine notwendige Diversifizierung zun\u00e4chst noch bewusst verzichtet wird:<\/p>\n\n\n\n<ul class=\"wp-block-list\"><li>ETF: mindestens 1.000,- \u20ac pro Position<\/li><li>Aktien: mindestens 500,- \u20ac pro Position<\/li><\/ul>\n\n\n\n<p>Ohne Diversifizierung wird kaum ein Portfolio erfolgreich sein. Der &#8222;Lucky Punch&#8220; ist beim Wertpapierhandel genauso selten wie ein Lotto-6er. F\u00fcr eine sinnvolle Diversifizierung muss meiner bisherigen Erfahrung nach mit einem Mindestbudget von 20.000,- Euro gerechnet werden.<\/p>\n\n\n\n<p>Nur bei globalen ETFs, die nicht themenspezifisch eingeschr\u00e4nkt sind, kommt frau auch mit einer einzigen Position im Portfolio zun\u00e4chst aus.<\/p>\n\n\n\n<p>Ein Beispiel f\u00fcr ETFs die meiner Meinung nach sehr gut f\u00fcr Einsteigerinnen geeignet sind, sind die ING Global Index Portfolios. Hier kann frau einfach nach Risikobereitschaft <a rel=\"noreferrer noopener\" href=\"https:\/\/wertpapiere.ing.de\/Investieren\/Fonds\/LU1693142330\" target=\"_blank\">defensiv<\/a>, <a rel=\"noreferrer noopener\" href=\"https:\/\/wertpapiere.ing.de\/Investieren\/Fonds\/LU1693142843\" target=\"_blank\">ausbalanziert<\/a> oder <a rel=\"noreferrer noopener\" href=\"https:\/\/wertpapiere.ing.de\/Investieren\/Fonds\/LU1693143494\" target=\"_blank\">offensiv<\/a> investieren. Ich hatte alle 3 ETFs im Depot. Corona hat wie zu erwarten war dem defensiv ausgerichteten ETF am wenigsten geschadet. Als ich wegen des R\u00fcckzugs der ING aus \u00d6sterreich die ING-Fonds verkauft habe, war ich damit insgesamt mit ca. 20% im plus.<\/p>\n\n\n\n<p>F\u00fcr Anlegerinnen, die sich auf ein Thema spezialisieren wollen, empfehle ich einen Blick auf die <a rel=\"noreferrer noopener\" href=\"https:\/\/ark-funds.com\/\" target=\"_blank\">ARK-Fonds<\/a> zu werfen. Ich selbst halte Anteile mehrerer <a rel=\"noreferrer noopener\" href=\"https:\/\/ark-funds.com\/arkk\" target=\"_blank\"> <a rel=\"noreferrer noopener\" href=\"https:\/\/ark-funds.com\/\" target=\"_blank\">ARK-Fonds<\/a> <\/a>. Die sehr erfolgreiche Cathie Wood ist f\u00fcr die aktiv gemanagten ETFs verantwortlich, aber es gibt auch Index-ETFs.<\/p>\n\n\n\n<p>Nicht jedes Depot stellt alle Optionen zum Traden bereit. Will frau &#8222;nur&#8220; ETFs kaufen und verkaufen, dann reicht ein Minimum, n\u00e4mlich schlicht und einfach &#8222;kaufen&#8220; oder &#8222;verkaufen&#8220; oder wenn verf\u00fcgbar &#8222;ansparen&#8220; zum aktuell g\u00fcltigen Kurs.<\/p>\n\n\n\n<p>Bei Aktien ist eine vorsichtigere und komplexere Herangehensweise angebracht. Ich kaufe immer erst eine kleine Position zum Kaufwert von ca. 500,- \u20ac. Das ist der geringste Betrag der noch Sinn macht, sonst sind die Ordergeb\u00fchren im Verh\u00e4ltnis zu hoch. Bei einem Kurswert von 150,- \u20ac kaufe ich zun\u00e4chst 4 Aktien &#8222;billigst&#8220;, das hei\u00dft zum aktuell g\u00fcnstigsten Kurs. Dann beobachte ich den Kurs oder f\u00fcge gleich eine weitere Kauforder mit Limit moderat unter dem aktuellen Kurswert hinzu, also etwa &#8222;limit buy&#8220; bei erreichen von 145,- \u20ac. Aber wieder nur 4 Aktien. Und diesen Vorgang wiederhole ich nicht bei weiter fallenden Kursen. Dazu ist mein Budget zu klein.<\/p>\n\n\n\n<p>Bei Aktien von denen ich gleich zu Beginn \u00fcberzeugt bin, dass sie kurz- bis mittelfristig im Wert steigen werden, beginne ich gerne mit einer &#8222;OCO&#8220;-Order. Das steht f\u00fcr &#8222;Order Cancels Order&#8220; und bedeutet dass die Aktie gekauft wird, wenn ein vorgegebener Kurswert \u00fcber- oder unterschritten wird, also im Falle der Aktie mit Kurswert 150,- \u20ac: OCO Limit Buy 145,- \u20ac Stop Buy 155,- \u20ac. So bekomme ich die Aktie g\u00fcnstiger, sollte sie zun\u00e4chst fallen, aber ich kaufe sicher auch dann noch einigerma\u00dfen g\u00fcnstig, sollte der Kurs gleich zu Beginn explodieren.<\/p>\n\n\n\n<h4 class=\"wp-block-heading\">Weitere Informationen:<\/h4>\n\n\n\n<p>Ich pers\u00f6nlich bin eher langfristig orientiert. Deshalb sind f\u00fcr mich Chartsignale weniger relevant als Fundamentaldaten. Das ist auch f\u00fcr Neu-Anlegerinnen empfehlenswert, da viel leichter zu durchschauen. Bei langfristigen Investitionen ist es auch nicht so wichtig, ob die Kurse gleich nach dem Kauf fallen oder steigen. Nur nicht stressen lassen vom zu erwartenden Zick-Zack-Kurs. Das ist normal. Sinnvoll ist es, noch vor dem Kauf eine klare Strategie festzulegen und sich dann penibel daran zu halten.<\/p>\n\n\n\n<p>Lisa Giering, eine von mir h\u00f6chst gesch\u00e4tzte langfristig denkende Investorin arbeitet zum Beispiel \u00fcberhaupt nicht mit Stop-Loss. Wenn sie Aktien kauft, dann bleiben die auch im Depot, solange sich an ihrer Einsch\u00e4tzung der Fundamentaldaten nichts \u00e4ndert.<\/p>\n","protected":false},"excerpt":{"rendered":"<p>Voraussetzungen: Was ben\u00f6tigt frau um selbst\u00e4ndig online in Wertpapiere anlegen zu k\u00f6nnen? ein Girokonto Verrechnungskonto und ein Wertpapier-Depot falls es nicht bei der Bank angelegt werden soll oder kann, bei der frau ein Girokonto hat (z.B.: flatex.de oder ING Bank&hellip;<\/p>\n","protected":false},"author":2,"featured_media":0,"parent":0,"menu_order":7,"comment_status":"open","ping_status":"closed","template":"","meta":{"footnotes":""},"class_list":["post-550","page","type-page","status-publish","hentry"],"jetpack-related-posts":[],"jetpack_sharing_enabled":true,"_links":{"self":[{"href":"https:\/\/wordpress.fobis.org\/anlegerin\/wp-json\/wp\/v2\/pages\/550","targetHints":{"allow":["GET"]}}],"collection":[{"href":"https:\/\/wordpress.fobis.org\/anlegerin\/wp-json\/wp\/v2\/pages"}],"about":[{"href":"https:\/\/wordpress.fobis.org\/anlegerin\/wp-json\/wp\/v2\/types\/page"}],"author":[{"embeddable":true,"href":"https:\/\/wordpress.fobis.org\/anlegerin\/wp-json\/wp\/v2\/users\/2"}],"replies":[{"embeddable":true,"href":"https:\/\/wordpress.fobis.org\/anlegerin\/wp-json\/wp\/v2\/comments?post=550"}],"version-history":[{"count":6,"href":"https:\/\/wordpress.fobis.org\/anlegerin\/wp-json\/wp\/v2\/pages\/550\/revisions"}],"predecessor-version":[{"id":2148,"href":"https:\/\/wordpress.fobis.org\/anlegerin\/wp-json\/wp\/v2\/pages\/550\/revisions\/2148"}],"wp:attachment":[{"href":"https:\/\/wordpress.fobis.org\/anlegerin\/wp-json\/wp\/v2\/media?parent=550"}],"curies":[{"name":"wp","href":"https:\/\/api.w.org\/{rel}","templated":true}]}}