{"id":46,"date":"2020-07-31T09:33:00","date_gmt":"2020-07-31T07:33:00","guid":{"rendered":"http:\/\/www.anlegerin.at\/?page_id=46"},"modified":"2021-10-23T11:59:34","modified_gmt":"2021-10-23T09:59:34","slug":"genutzte-plattformen","status":"publish","type":"page","link":"https:\/\/wordpress.fobis.org\/anlegerin\/genutzte-plattformen\/","title":{"rendered":"Tools, Links &amp; B\u00fccher"},"content":{"rendered":"\n<h4 class=\"wp-block-heading\">genutzte Trading-Plattformen, Tools und andere empfehlenswerte Links:<\/h4>\n\n\n\n<p><a rel=\"noreferrer noopener\" href=\"https:\/\/www.broker-test.at\/\" target=\"_blank\">broker-test.at<\/a> gibt einen \u00dcberblick \u00fcber Broker und beinhaltet interessante Erfahrungsberichte.<\/p>\n\n\n\n<p>ING Bank aktuell (Juli 2020) gut geeignet f\u00fcr den Einstieg in den Wertpapierhandel, weil nur risikoarme ETFs gehandelt werden k\u00f6nnen. Anf\u00e4ngerinnenfehler sind praktisch nicht m\u00f6glich. Leider ab 1.12.2021 nicht mehr in \u00d6sterreich, wird dann von bank99 \u00fcbernommen.<\/p>\n\n\n\n<p>Analyse- und Trading-Plattform f\u00fcr Einsteiger und Profis: <a rel=\"noreferrer noopener\" href=\"https:\/\/go.guidants.com\/de\/\" target=\"_blank\">Guidants<\/a><br>Schon in der Gratis-Version l\u00e4sst sich hier ein eigener Trading-Desktop einrichten und mit einem Broker Ihrer Wahl verkn\u00fcpfen.<\/p>\n\n\n\n<p>Mein Lieblingsbroker f\u00fcr den Aktienhandel: <a rel=\"noreferrer noopener\" href=\"https:\/\/www.flatex.at\/\" target=\"_blank\">flatex<\/a><br>Hat vergleichsweise g\u00fcnstige Konditionen und ist einfach im Handling.<\/p>\n\n\n\n<p>kostenfreie Informationsplattform: <a rel=\"noreferrer noopener\" href=\"https:\/\/www.finanzen.at\/\" target=\"_blank\">finanzen.at<\/a> und  <a href=\"https:\/\/www.finanzen.net\/\" target=\"_blank\" rel=\"noreferrer noopener\">finanzen.net<\/a><br>Hier lassen sich Kurse, Basisinformationen zu Unternehmen und auch in vielen F\u00e4llen Einsch\u00e4tzungen von Analystinnen gratis abrufen.<\/p>\n\n\n\n<p>kostenfreie Informationsplattform: <a rel=\"noreferrer noopener\" href=\"https:\/\/www.boerse-online.de\/\" target=\"_blank\">B\u00f6rse aktuell<\/a><br>\u00c4hnlich wie <a rel=\"noreferrer noopener\" href=\"https:\/\/www.finanzen.at\/\" target=\"_blank\">finanzen.at<\/a>, allerdings finden sich hier oft sehr prominent Lockangebote auf der Titelseite. Wer wei\u00df was sie sucht und sich nicht locken l\u00e4sst wird hier aber auch f\u00fcndig. <\/p>\n\n\n\n<p>sehr informative aber kostenpflichtige Informationsplattform: <a rel=\"noreferrer noopener\" href=\"https:\/\/de.marketscreener.com\/\" target=\"_blank\">MarketScreener<\/a> (Gratis nutzbar f\u00fcr immerhin ca. 10 Aufrufe pro Tag)<\/p>\n\n\n\n<p>sehr empfehlenswerte Plattform um sich an die Materie risikofrei anzun\u00e4hern: <a rel=\"noreferrer noopener\" href=\"https:\/\/www.wikifolio.com\/de\/de\/alle-wikifolios\/uebersicht\" target=\"_blank\">Wikifolio<\/a><br>Um in Wikifolios auch tats\u00e4chlich investieren zu k\u00f6nnen ist allerdings auch wieder ein Wertpapier-Depot erforderlich.<\/p>\n\n\n\n<p>sehr empfehlenswerte Informations- und Unterst\u00fctzungsplattform: <a rel=\"noreferrer noopener\" href=\"https:\/\/sdk.org\/\" target=\"_blank\">sdk<\/a><br>Die Schutzgemeinschaft der Kapitalanleger e.V. ist ein Verein, der die Interessen der Kapitalanleger und &#8211; leider nicht gegendert &#8211; auch der KapitalanlegerINNEN vertritt und sehr viele Informationen zur Verf\u00fcgung stellt. Aktuell wird zum Beispiel mit Prozesskostenfinanzierern im Fall Wirecard verhandelt und eine Sammelklage gegen die Wirecard-Pr\u00fcferinnen vorbereitet. Aber schon allein die monatlich erscheinenden Zeitschriften sind meiner Meinung nach eine Mitgliedschaft wert.<\/p>\n\n\n\n<h4 class=\"wp-block-heading\">Buchempfehlungen:<\/h4>\n\n\n\n<p>Gerd Kommer: Souver\u00e4n investieren mit Indexfonds und ETFs<br>(<a rel=\"noreferrer noopener\" href=\"https:\/\/amzn.to\/2ORPOI8\" target=\"_blank\">Affiliate Link Marianne<\/a>)<\/p>\n","protected":false},"excerpt":{"rendered":"<p>genutzte Trading-Plattformen, Tools und andere empfehlenswerte Links: broker-test.at gibt einen \u00dcberblick \u00fcber Broker und beinhaltet interessante Erfahrungsberichte. ING Bank aktuell (Juli 2020) gut geeignet f\u00fcr den Einstieg in den Wertpapierhandel, weil nur risikoarme ETFs gehandelt werden k\u00f6nnen. Anf\u00e4ngerinnenfehler sind praktisch&hellip;<\/p>\n","protected":false},"author":2,"featured_media":0,"parent":0,"menu_order":8,"comment_status":"open","ping_status":"closed","template":"","meta":{"footnotes":""},"class_list":["post-46","page","type-page","status-publish","hentry"],"jetpack-related-posts":[],"jetpack_sharing_enabled":true,"_links":{"self":[{"href":"https:\/\/wordpress.fobis.org\/anlegerin\/wp-json\/wp\/v2\/pages\/46","targetHints":{"allow":["GET"]}}],"collection":[{"href":"https:\/\/wordpress.fobis.org\/anlegerin\/wp-json\/wp\/v2\/pages"}],"about":[{"href":"https:\/\/wordpress.fobis.org\/anlegerin\/wp-json\/wp\/v2\/types\/page"}],"author":[{"embeddable":true,"href":"https:\/\/wordpress.fobis.org\/anlegerin\/wp-json\/wp\/v2\/users\/2"}],"replies":[{"embeddable":true,"href":"https:\/\/wordpress.fobis.org\/anlegerin\/wp-json\/wp\/v2\/comments?post=46"}],"version-history":[{"count":2,"href":"https:\/\/wordpress.fobis.org\/anlegerin\/wp-json\/wp\/v2\/pages\/46\/revisions"}],"predecessor-version":[{"id":1993,"href":"https:\/\/wordpress.fobis.org\/anlegerin\/wp-json\/wp\/v2\/pages\/46\/revisions\/1993"}],"wp:attachment":[{"href":"https:\/\/wordpress.fobis.org\/anlegerin\/wp-json\/wp\/v2\/media?parent=46"}],"curies":[{"name":"wp","href":"https:\/\/api.w.org\/{rel}","templated":true}]}}