{"id":447,"date":"2020-08-04T17:05:52","date_gmt":"2020-08-04T15:05:52","guid":{"rendered":"https:\/\/www.anlegerin.at\/?page_id=447"},"modified":"2023-07-12T09:16:02","modified_gmt":"2023-07-12T07:16:02","slug":"depot-mf-aktives-trading","status":"publish","type":"page","link":"https:\/\/wordpress.fobis.org\/anlegerin\/portfolio\/depot-mf-aktives-trading\/","title":{"rendered":"Depot3 MF (aktives Trading)"},"content":{"rendered":"\n<h4 class=\"wp-block-heading\">Anlagestrategie MF 2021-2023:<\/h4>\n\n\n\n<p>Ich versuche einmal hinzugef\u00fcgte Positionen auch im Depot zu halten, wenn sich an der fundamentalen Einsch\u00e4tzung des Unternehmens nichts \u00e4ndert. Gewinnmitnahmen ab +30% (bei spekulativen Werten ab +10%), vorzugsweise \u00fcber Teilverk\u00e4ufe, wenn die Position gro\u00df genug ist. Bei akutem Geldbedarf wird ab einem Gewinn von 15% (Bruttogewinn mindestens 120 \u20ac) verkauft. Stop-Loss wird nur bei akutem Handlungsbedarf eingezogen, wenn wie im Fall Wirecard Totalverlust droht oder als Trailing-Stop-Loss wenn die Aktie schon weit in der Gewinnzone steht (mehr als +30%), um den Gewinn zu maximieren, oder wenn die Position aufgel\u00f6st werden soll. Angestrebte Mindest-St\u00fcckzahl je Aktie: 12 (ein bisschen Zahlenmagie darf sein \ud83d\ude09 )<\/p>\n\n\n\n<p>Nachgekauft wird bevorzugt unter dem Einstandspreis bzw. jedenfalls unter dem Highest High 30 sowie bei einer Nachkaufchance entsprechend der <a href=\"https:\/\/www.anlegerin.at\/fullblog\/informationen\/die-can-slim-strategie\/\">CAN-SLIM Strategie<\/a>. Neue Positionen werden nur auf Empfehlung oder bei sehr guten Bewertungen, Aussichten und\/oder relevanten Director&#8217;s Dealings oder interessanten News in Erw\u00e4gung gezogen, wobei immer auf Diversit\u00e4t im Depot geachtet wird (Branche, Land).<\/p>\n\n\n\n<h4 class=\"wp-block-heading\">Positionen:<\/h4>\n\n\n\n<ul class=\"wp-block-list\">\n<li>clearvise AG<\/li>\n\n\n\n<li><a rel=\"noreferrer noopener\" href=\"https:\/\/xn--zwlf-6qa.at\/anlegerin\/enzyklopaedie\/deutsche-konsum-reit-mf-guidexp\/\" target=\"_blank\">Deutsche Konsum REIT<\/a> (neu 09-2021)<\/li>\n\n\n\n<li><a rel=\"noreferrer noopener\" href=\"http:\/\/xn--zwlf-6qa.at\/anlegerin\/enzyklopaedie\/european-lithium-sp\/\" target=\"_blank\">Etsy<\/a> (neu 11-2020\/CAN-SLIM)<\/li>\n\n\n\n<li><a rel=\"noreferrer noopener\" href=\"http:\/\/xn--zwlf-6qa.at\/anlegerin\/enzyklopaedie\/flatex-mf\/\" target=\"_blank\">flatexDEGIRO<\/a><\/li>\n\n\n\n<li><a rel=\"noreferrer noopener\" href=\"https:\/\/xn--zwlf-6qa.at\/anlegerin\/enzyklopaedie\/infineon-b-lf\/\" target=\"_blank\">Infineon<\/a> (neu 09-2021)<\/li>\n\n\n\n<li><a href=\"https:\/\/xn--zwlf-6qa.at\/anlegerin\/enzyklopaedie\/lpkf-laser-c-lf\/\">LPKF Laser<\/a> (UPr, neu 09-2021)<\/li>\n\n\n\n<li>Patrizia Immobilien<\/li>\n\n\n\n<li>PNE AG<\/li>\n\n\n\n<li><a rel=\"noreferrer noopener\" href=\"http:\/\/xn--zwlf-6qa.at\/anlegerin\/enzyklopaedie\/shop-apotheke-europe-watchlist-wrz\/\" target=\"_blank\">Redcare Pharmacy<\/a><\/li>\n\n\n\n<li><a rel=\"noreferrer noopener\" href=\"http:\/\/xn--zwlf-6qa.at\/anlegerin\/enzyklopaedie\/rosenbauer-lf\/\" target=\"_blank\">Rosenbauer International<\/a><\/li>\n\n\n\n<li><a rel=\"noreferrer noopener\" href=\"https:\/\/xn--zwlf-6qa.at\/anlegerin\/enzyklopaedie\/royalty-pharma-mf-wb\/\" target=\"_blank\">Royalty Pharma<\/a> (neu 11-2021\/CAN-SLIM?)<\/li>\n\n\n\n<li><a rel=\"noreferrer noopener\" href=\"http:\/\/xn--zwlf-6qa.at\/anlegerin\/enzyklopaedie\/stitch-fix\/\" target=\"_blank\">Stitch Fix<\/a> (CAN-SLIM)<\/li>\n\n\n\n<li><a href=\"http:\/\/xn--zwlf-6qa.at\/anlegerin\/enzyklopaedie\/teamviewer-mf\/\" target=\"_blank\" rel=\"noreferrer noopener\">TeamViewer<\/a><\/li>\n\n\n\n<li><a rel=\"noreferrer noopener\" href=\"https:\/\/xn--zwlf-6qa.at\/anlegerin\/enzyklopaedie\/teladoc-health-wishlist-sp\/\" target=\"_blank\">Teladoc Health<\/a> (CAN-SLIM, neu 10-2021)<\/li>\n\n\n\n<li>UiPath (neu 04-2022)<\/li>\n\n\n\n<li><a rel=\"noreferrer noopener\" href=\"http:\/\/xn--zwlf-6qa.at\/anlegerin\/enzyklopaedie\/zalando-watchlist\/\" target=\"_blank\">Zalando<\/a><\/li>\n\n\n\n<li>Zoom (wieder aufgenommen 04-2022)<\/li>\n<\/ul>\n\n\n\n<h4 class=\"wp-block-heading\">auf Watchlist als m\u00f6gliche Erg\u00e4nzung:<\/h4>\n\n\n\n<ul class=\"wp-block-list\">\n<li>keine<\/li>\n<\/ul>\n\n\n\n<h4 class=\"wp-block-heading\">vorgesehene \u00c4nderungen:<\/h4>\n\n\n\n<ul class=\"wp-block-list\">\n<li>keine<\/li>\n<\/ul>\n\n\n\n<h4 class=\"wp-block-heading\">durchgef\u00fchrte \u00c4nderungen (2023):<\/h4>\n\n\n\n<ul class=\"wp-block-list\">\n<li><a rel=\"noreferrer noopener\" href=\"http:\/\/xn--zwlf-6qa.at\/anlegerin\/enzyklopaedie\/softbank-lf\/\" target=\"_blank\">SoftBank Group<\/a> glatt gestellt (Verkauf)<\/li>\n\n\n\n<li><a rel=\"noreferrer noopener\" href=\"https:\/\/xn--zwlf-6qa.at\/anlegerin\/enzyklopaedie\/netflix-mf-inv-lgm\/\" target=\"_blank\">Netflix<\/a> glatt gestellt (Gewinnmitnahme)<\/li>\n\n\n\n<li>EQS Group glatt gestellt (Verkauf)<\/li>\n\n\n\n<li>Rheinmetall AG in LF verschoben<\/li>\n<\/ul>\n\n\n\n<p><\/p>\n","protected":false},"excerpt":{"rendered":"<p>Anlagestrategie MF 2021-2023: Ich versuche einmal hinzugef\u00fcgte Positionen auch im Depot zu halten, wenn sich an der fundamentalen Einsch\u00e4tzung des Unternehmens nichts \u00e4ndert. Gewinnmitnahmen ab +30% (bei spekulativen Werten ab +10%), vorzugsweise \u00fcber Teilverk\u00e4ufe, wenn die Position gro\u00df genug ist.&hellip;<\/p>\n","protected":false},"author":2,"featured_media":0,"parent":417,"menu_order":0,"comment_status":"open","ping_status":"closed","template":"","meta":{"footnotes":""},"class_list":["post-447","page","type-page","status-publish","hentry"],"jetpack-related-posts":[],"jetpack_sharing_enabled":true,"_links":{"self":[{"href":"https:\/\/wordpress.fobis.org\/anlegerin\/wp-json\/wp\/v2\/pages\/447","targetHints":{"allow":["GET"]}}],"collection":[{"href":"https:\/\/wordpress.fobis.org\/anlegerin\/wp-json\/wp\/v2\/pages"}],"about":[{"href":"https:\/\/wordpress.fobis.org\/anlegerin\/wp-json\/wp\/v2\/types\/page"}],"author":[{"embeddable":true,"href":"https:\/\/wordpress.fobis.org\/anlegerin\/wp-json\/wp\/v2\/users\/2"}],"replies":[{"embeddable":true,"href":"https:\/\/wordpress.fobis.org\/anlegerin\/wp-json\/wp\/v2\/comments?post=447"}],"version-history":[{"count":60,"href":"https:\/\/wordpress.fobis.org\/anlegerin\/wp-json\/wp\/v2\/pages\/447\/revisions"}],"predecessor-version":[{"id":3110,"href":"https:\/\/wordpress.fobis.org\/anlegerin\/wp-json\/wp\/v2\/pages\/447\/revisions\/3110"}],"up":[{"embeddable":true,"href":"https:\/\/wordpress.fobis.org\/anlegerin\/wp-json\/wp\/v2\/pages\/417"}],"wp:attachment":[{"href":"https:\/\/wordpress.fobis.org\/anlegerin\/wp-json\/wp\/v2\/media?parent=447"}],"curies":[{"name":"wp","href":"https:\/\/api.w.org\/{rel}","templated":true}]}}