{"id":425,"date":"2020-08-04T16:21:28","date_gmt":"2020-08-04T14:21:28","guid":{"rendered":"https:\/\/www.anlegerin.at\/?page_id=425"},"modified":"2023-07-12T09:13:23","modified_gmt":"2023-07-12T07:13:23","slug":"depot-lf-vorsorge-2","status":"publish","type":"page","link":"https:\/\/wordpress.fobis.org\/anlegerin\/portfolio\/depot-lf-vorsorge-2\/","title":{"rendered":"Depot2 LF (Vorsorge lf.Aktien)"},"content":{"rendered":"\n<h4 class=\"wp-block-heading\">Anlagestrategie LF 2021-2023:<\/h4>\n\n\n\n<p>Ich nehme neue Positionen nur auf, wenn die Volatilit\u00e4t der Aktie \u00fcber einen l\u00e4ngeren Beobachtungszeitraum unter 40% bleibt und die Aktie von einer meiner favorisierten Expertinnen als langfristige Anlage empfohlen wird bzw. bei einer Kaufchance entsprechend der <a href=\"https:\/\/www.anlegerin.at\/fullblog\/informationen\/die-can-slim-strategie\/\">CAN-SLIM Strategie<\/a>. Ich versuche einmal hinzugef\u00fcgte Positionen auch im Depot zu halten, wenn sich an der fundamentalen Einsch\u00e4tzung des Unternehmens nichts \u00e4ndert. Gewinnmitnahmen ab 50% m\u00f6glich, vorzugsweise \u00fcber Teilverk\u00e4ufe. Bei akutem Geldbedarf wird ab einem Gewinn von 30% (Bruttogewinn mindestens 240 \u20ac) verkauft. Stop-Loss erst ab einer Kurssteigerung von mindestens 30%. Ich pr\u00e4feriere Nachkauf vor Neukauf.<\/p>\n\n\n\n<h4 class=\"wp-block-heading\">Positionen:<\/h4>\n\n\n\n<ul class=\"wp-block-list\">\n<li><a rel=\"noreferrer noopener\" href=\"https:\/\/xn--zwlf-6qa.at\/anlegerin\/enzyklopaedie\/allianz-se-wishlist\/\" target=\"_blank\">Allianz SE<\/a> (neu 10-2021)<\/li>\n\n\n\n<li><a rel=\"noreferrer noopener\" href=\"https:\/\/xn--zwlf-6qa.at\/anlegerin\/enzyklopaedie\/barrick-gold-c-lf-wb\/\" target=\"_blank\">Barrick Gold<\/a> (neu 10-2021)<\/li>\n\n\n\n<li><a rel=\"noreferrer noopener\" href=\"http:\/\/xn--zwlf-6qa.at\/anlegerin\/enzyklopaedie\/basf-lf\/\" target=\"_blank\">BASF<\/a> (UPr, neu 5-2021)<\/li>\n\n\n\n<li>BayWa (neu 06-2023)<\/li>\n\n\n\n<li><a rel=\"noreferrer noopener\" href=\"http:\/\/xn--zwlf-6qa.at\/anlegerin\/enzyklopaedie\/berkshire-hathaway-lf\/\" target=\"_blank\">Berkshire Hathaway<\/a> (CAN-SLIM)<\/li>\n\n\n\n<li><a rel=\"noreferrer noopener\" href=\"https:\/\/zw\u00f6lf.at\/anlegerin\/enzyklopaedie\/delonghi-b-lf\/\" target=\"_blank\">De\u2019Longhi<\/a><\/li>\n\n\n\n<li><a rel=\"noreferrer noopener\" href=\"https:\/\/xn--zwlf-6qa.at\/anlegerin\/enzyklopaedie\/first-majestic-silver-b-lf-inv\/\" target=\"_blank\">First Majestic Silver Corp<\/a> (neu 08-2021)<\/li>\n\n\n\n<li><a rel=\"noreferrer noopener\" href=\"https:\/\/www.anlegerin.at\/enzyklopaedie\/logitech-mf\/\" target=\"_blank\">Logitech<\/a><\/li>\n\n\n\n<li><a rel=\"noreferrer noopener\" href=\"http:\/\/xn--zwlf-6qa.at\/anlegerin\/enzyklopaedie\/microsoft-mf-wrz\/\" target=\"_blank\">Microsoft<\/a> (CAN-SLIM)<\/li>\n\n\n\n<li><a rel=\"noreferrer noopener\" href=\"https:\/\/www.anlegerin.at\/enzyklopaedie\/paypal-lf\/\" target=\"_blank\">PayPal Holdings<\/a><\/li>\n\n\n\n<li>Rheinmetall (neu 02-2023)<\/li>\n\n\n\n<li><a rel=\"noreferrer noopener\" href=\"https:\/\/xn--zwlf-6qa.at\/anlegerin\/enzyklopaedie\/siemens-ag-b-lf\/\" target=\"_blank\">Siemens AG<\/a> (UPr, neu 09-2021)<\/li>\n\n\n\n<li><a rel=\"noreferrer noopener\" href=\"https:\/\/xn--zwlf-6qa.at\/anlegerin\/enzyklopaedie\/sony-c-lf\/\" target=\"_blank\">Sony<\/a> (neu 09-2021)<\/li>\n\n\n\n<li><a rel=\"noreferrer noopener\" href=\"https:\/\/xn--zwlf-6qa.at\/anlegerin\/enzyklopaedie\/thales-d-lf\/\" target=\"_blank\">Thales<\/a> (neu 10-2021)<\/li>\n\n\n\n<li><a rel=\"noreferrer noopener\" href=\"https:\/\/xn--zwlf-6qa.at\/anlegerin\/enzyklopaedie\/the-walt-disney-co-lf\/\" target=\"_blank\">The Walt Disney Co<\/a> (neu 10-2020\/CAN-SLIM)<\/li>\n\n\n\n<li><a rel=\"noreferrer noopener\" href=\"https:\/\/xn--zwlf-6qa.at\/anlegerin\/enzyklopaedie\/vale-sp\/\" target=\"_blank\">Vale<\/a><\/li>\n\n\n\n<li><a rel=\"noreferrer noopener\" href=\"https:\/\/xn--zwlf-6qa.at\/anlegerin\/enzyklopaedie\/vonovia-lf-upr\/\" target=\"_blank\">Vonovia<\/a> (UPr, neu 11-2021)<\/li>\n<\/ul>\n\n\n\n<h4 class=\"wp-block-heading\">auf Watchlist als m\u00f6gliche Erg\u00e4nzung:<\/h4>\n\n\n\n<ul class=\"wp-block-list\">\n<li>keine<\/li>\n<\/ul>\n\n\n\n<h4 class=\"wp-block-heading\">vorgesehene \u00c4nderungen:<\/h4>\n\n\n\n<ul class=\"wp-block-list\">\n<li>keine<\/li>\n<\/ul>\n\n\n\n<h4 class=\"wp-block-heading\">durchgef\u00fchrte \u00c4nderungen (2023):<\/h4>\n\n\n\n<ul class=\"wp-block-list\">\n<li>Umschichtungen LF &lt;-&gt; MF<\/li>\n\n\n\n<li>Air Liquide glatt gestellt<\/li>\n\n\n\n<li>Instone Real Estate glatt gestellt<\/li>\n<\/ul>\n\n\n\n<p><\/p>\n","protected":false},"excerpt":{"rendered":"<p>Anlagestrategie LF 2021-2023: Ich nehme neue Positionen nur auf, wenn die Volatilit\u00e4t der Aktie \u00fcber einen l\u00e4ngeren Beobachtungszeitraum unter 40% bleibt und die Aktie von einer meiner favorisierten Expertinnen als langfristige Anlage empfohlen wird bzw. bei einer Kaufchance entsprechend der&hellip;<\/p>\n","protected":false},"author":2,"featured_media":0,"parent":417,"menu_order":0,"comment_status":"open","ping_status":"closed","template":"","meta":{"footnotes":""},"class_list":["post-425","page","type-page","status-publish","hentry"],"jetpack-related-posts":[],"jetpack_sharing_enabled":true,"_links":{"self":[{"href":"https:\/\/wordpress.fobis.org\/anlegerin\/wp-json\/wp\/v2\/pages\/425","targetHints":{"allow":["GET"]}}],"collection":[{"href":"https:\/\/wordpress.fobis.org\/anlegerin\/wp-json\/wp\/v2\/pages"}],"about":[{"href":"https:\/\/wordpress.fobis.org\/anlegerin\/wp-json\/wp\/v2\/types\/page"}],"author":[{"embeddable":true,"href":"https:\/\/wordpress.fobis.org\/anlegerin\/wp-json\/wp\/v2\/users\/2"}],"replies":[{"embeddable":true,"href":"https:\/\/wordpress.fobis.org\/anlegerin\/wp-json\/wp\/v2\/comments?post=425"}],"version-history":[{"count":61,"href":"https:\/\/wordpress.fobis.org\/anlegerin\/wp-json\/wp\/v2\/pages\/425\/revisions"}],"predecessor-version":[{"id":3109,"href":"https:\/\/wordpress.fobis.org\/anlegerin\/wp-json\/wp\/v2\/pages\/425\/revisions\/3109"}],"up":[{"embeddable":true,"href":"https:\/\/wordpress.fobis.org\/anlegerin\/wp-json\/wp\/v2\/pages\/417"}],"wp:attachment":[{"href":"https:\/\/wordpress.fobis.org\/anlegerin\/wp-json\/wp\/v2\/media?parent=425"}],"curies":[{"name":"wp","href":"https:\/\/api.w.org\/{rel}","templated":true}]}}