{"id":422,"date":"2020-08-04T15:59:43","date_gmt":"2020-08-04T13:59:43","guid":{"rendered":"https:\/\/www.anlegerin.at\/?page_id=422"},"modified":"2023-07-25T17:50:26","modified_gmt":"2023-07-25T15:50:26","slug":"depot-etf-vorsorge-1","status":"publish","type":"page","link":"https:\/\/wordpress.fobis.org\/anlegerin\/portfolio\/depot-etf-vorsorge-1\/","title":{"rendered":"Depot1 ETF (Vorsorge lf.Fonds)"},"content":{"rendered":"\n<h4 class=\"wp-block-heading\">Anlagestrategie ETF:<\/h4>\n\n\n\n<p>Ich konzentriere mich auf wenige ETFs, die am stabilsten sind und trenne mich sukzessive von den ETFs mit den gr\u00f6\u00dften Kursschwankungen. Stabilit\u00e4t bzw. geringe Volatilit\u00e4t geht hier vor Performance.<\/p>\n\n\n\n<h4 class=\"wp-block-heading\">Positionen:<\/h4>\n\n\n\n<ul class=\"wp-block-list\">\n<li><a href=\"https:\/\/zw\u00f6lf.at\/anlegerin\/enzyklopaedie\/threadneedle-lux-european-smaller-companies-fund\/\" target=\"_blank\" rel=\"noreferrer noopener\">Threadneedle (Lux) European Smaller Companies Fund<\/a> (MSR 8-2021: ****)<\/li>\n\n\n\n<li><a href=\"https:\/\/zw\u00f6lf.at\/anlegerin\/enzyklopaedie\/threadneedle-lux-european-select-fund-1e-eur-acc\/\" target=\"_blank\" rel=\"noreferrer noopener\">Threadneedle (Lux) &#8211; European Select Fund 1E EUR acc<\/a> (neu 08-2021\/SdK-Depot)<\/li>\n\n\n\n<li><a href=\"https:\/\/zw\u00f6lf.at\/anlegerin\/enzyklopaedie\/xtrackers-germany-mittelstand-midcap-ucits-etf\/\" target=\"_blank\" rel=\"noreferrer noopener\">Xtrackers Germany Mittelstand &amp; MidCap UCITS ETF<\/a> (neu 08-2021\/MSR 8-2021: ***)<\/li>\n\n\n\n<li><a rel=\"noreferrer noopener\" href=\"https:\/\/zw\u00f6lf.at\/anlegerin\/enzyklopaedie\/ishares-msci-europe-momentum-factor-ucits-etf\/\" target=\"_blank\">iShares MSCI Europe Momentum Factor UCITS ETF<\/a> (neu 08-2021)<\/li>\n\n\n\n<li><a rel=\"noreferrer noopener\" href=\"https:\/\/de.extraetf.com\/etf-profile\/LU0839027447\" target=\"_blank\"><\/a><a rel=\"noreferrer noopener\" href=\"https:\/\/de.extraetf.com\/etf-profile\/LU0839027447\" target=\"_blank\"><\/a><a href=\"https:\/\/zw\u00f6lf.at\/anlegerin\/enzyklopaedie\/xtrackers-nikkei-225-ucits-etf-1d\/\" target=\"_blank\" rel=\"noreferrer noopener\">Xtrackers Nikkei 225 UCITS ETF 1D<\/a> (neu 11-2021\/SdK)<\/li>\n\n\n\n<li><a href=\"https:\/\/zw\u00f6lf.at\/anlegerin\/enzyklopaedie\/fidelity-funds-emerging-markets-fund-a-acc-euro\/\" target=\"_blank\" rel=\"noreferrer noopener\">Fidelity Funds &#8211; Emerging Markets Fund A-ACC-Euro<\/a> (neu 08-2021\/SdK-Depot\/MSR 8-2021: ****, mit China\/Taiwan!)<\/li>\n\n\n\n<li><a href=\"https:\/\/zw\u00f6lf.at\/anlegerin\/enzyklopaedie\/magna-new-frontiers-r-e\/\" target=\"_blank\" rel=\"noreferrer noopener\">Magna New Frontiers R \u20ac<\/a> (neu 11-2021\/SdK-Depot, Vietnam!)<\/li>\n\n\n\n<li><a href=\"https:\/\/zw\u00f6lf.at\/anlegerin\/enzyklopaedie\/vaneck-vectors-semiconductor-ucits-etf\/\" target=\"_blank\" rel=\"noreferrer noopener\">VanEck Vectors Semiconductor UCITS ETF<\/a> (neu 08-2021, Intel, AMD, NVIDIA, mit Taiwan!)<\/li>\n\n\n\n<li><a href=\"https:\/\/zw\u00f6lf.at\/anlegerin\/enzyklopaedie\/procure-space-etf\/\" target=\"_blank\" rel=\"noreferrer noopener\">Procure Space ETF<\/a> (neu 10-2021)<\/li>\n\n\n\n<li><a href=\"https:\/\/zw\u00f6lf.at\/anlegerin\/enzyklopaedie\/man-ahl-trend-alternative-dny-h-eur\/\" target=\"_blank\" rel=\"noreferrer noopener\">Man AHL Trend Alternative DNY H EUR<\/a> (neu 11-2021\/SdK-Depot)<\/li>\n\n\n\n<li><a href=\"https:\/\/www.incrementum.li\/investmentfonds\/incrementum-crypto-gold-fund\/https:\/\/zw\u00f6lf.at\/anlegerin\/enzyklopaedie\/incrementum-crypto-gold-fund-eur-r\/\" target=\"_blank\" rel=\"noreferrer noopener\">Incrementum Crypto Gold Fund EUR R<\/a> (neu 11-2021\/SdK-Depot\/nur \u00fcber ERSTE handelbar)<\/li>\n<\/ul>\n\n\n\n<h4 class=\"wp-block-heading\">auf Watchlist als m\u00f6gliche Erg\u00e4nzung:<\/h4>\n\n\n\n<ul class=\"wp-block-list\">\n<li><a rel=\"noreferrer noopener\" href=\"https:\/\/ark-funds.com\/arkk\" target=\"_blank\">ARK Innovation ETF<\/a> \/ <a rel=\"noreferrer noopener\" href=\"https:\/\/ark-funds.com\/wp-content\/fundsiteliterature\/holdings\/ARK_INNOVATION_ETF_ARKK_HOLDINGS.pdf\" target=\"_blank\">Fund Holdings<\/a><\/li>\n<\/ul>\n\n\n\n<h4 class=\"wp-block-heading\">vorgesehene \u00c4nderungen:<\/h4>\n\n\n\n<ul class=\"wp-block-list\">\n<li>keine<\/li>\n<\/ul>\n\n\n\n<h4 class=\"wp-block-heading\">durchgef\u00fchrte \u00c4nderungen (2023):<\/h4>\n\n\n\n<ul class=\"wp-block-list\">\n<li><a rel=\"noreferrer noopener\" href=\"https:\/\/zw\u00f6lf.at\/anlegerin\/enzyklopaedie\/ishares-core-sp-500-ucits-etf\/\" target=\"_blank\">iShares Core S&amp;P 500 UCITS ETF<\/a> (glatt gestellt)<\/li>\n\n\n\n<li><a rel=\"noreferrer noopener\" href=\"https:\/\/www.ishares.com\/de\/privatanleger\/de\/produkte\/253741\/ishares-nasdaq-100-ucits-etf\" target=\"_blank\">iShares NASDAQ 100 UCITS ETF<\/a> (glatt gestellt)<\/li>\n\n\n\n<li><a rel=\"noreferrer noopener\" href=\"https:\/\/xn--zwlf-6qa.at\/anlegerin\/enzyklopaedie\/deka-stoxx-europe-strong-style-composite-40-ucits-etf\/\" target=\"_blank\">Deka STOXX Europe Strong Style Composite 40 UCITS ETF<\/a> (glatt gestellt)<\/li>\n<\/ul>\n\n\n\n<p><\/p>\n","protected":false},"excerpt":{"rendered":"<p>Anlagestrategie ETF: Ich konzentriere mich auf wenige ETFs, die am stabilsten sind und trenne mich sukzessive von den ETFs mit den gr\u00f6\u00dften Kursschwankungen. Stabilit\u00e4t bzw. geringe Volatilit\u00e4t geht hier vor Performance. Positionen: auf Watchlist als m\u00f6gliche Erg\u00e4nzung: vorgesehene \u00c4nderungen: durchgef\u00fchrte&hellip;<\/p>\n","protected":false},"author":2,"featured_media":0,"parent":417,"menu_order":0,"comment_status":"open","ping_status":"closed","template":"","meta":{"footnotes":""},"class_list":["post-422","page","type-page","status-publish","hentry"],"jetpack-related-posts":[],"jetpack_sharing_enabled":true,"_links":{"self":[{"href":"https:\/\/wordpress.fobis.org\/anlegerin\/wp-json\/wp\/v2\/pages\/422","targetHints":{"allow":["GET"]}}],"collection":[{"href":"https:\/\/wordpress.fobis.org\/anlegerin\/wp-json\/wp\/v2\/pages"}],"about":[{"href":"https:\/\/wordpress.fobis.org\/anlegerin\/wp-json\/wp\/v2\/types\/page"}],"author":[{"embeddable":true,"href":"https:\/\/wordpress.fobis.org\/anlegerin\/wp-json\/wp\/v2\/users\/2"}],"replies":[{"embeddable":true,"href":"https:\/\/wordpress.fobis.org\/anlegerin\/wp-json\/wp\/v2\/comments?post=422"}],"version-history":[{"count":49,"href":"https:\/\/wordpress.fobis.org\/anlegerin\/wp-json\/wp\/v2\/pages\/422\/revisions"}],"predecessor-version":[{"id":3134,"href":"https:\/\/wordpress.fobis.org\/anlegerin\/wp-json\/wp\/v2\/pages\/422\/revisions\/3134"}],"up":[{"embeddable":true,"href":"https:\/\/wordpress.fobis.org\/anlegerin\/wp-json\/wp\/v2\/pages\/417"}],"wp:attachment":[{"href":"https:\/\/wordpress.fobis.org\/anlegerin\/wp-json\/wp\/v2\/media?parent=422"}],"curies":[{"name":"wp","href":"https:\/\/api.w.org\/{rel}","templated":true}]}}