{"id":1989,"date":"2021-10-23T11:50:23","date_gmt":"2021-10-23T09:50:23","guid":{"rendered":"https:\/\/xn--zwlf-6qa.at\/anlegerin\/?page_id=1989"},"modified":"2021-10-23T11:50:25","modified_gmt":"2021-10-23T09:50:25","slug":"wikifolios","status":"publish","type":"page","link":"https:\/\/wordpress.fobis.org\/anlegerin\/wikifolios\/","title":{"rendered":"Wikifolios"},"content":{"rendered":"\n<p>Ich habe die Arbeit an meinen Wikifolios aus Zeitmangel vorl\u00e4ufig eingestellt. Da sich einmal publizierte Wikifolios nicht komplett l\u00f6schen lassen, ist die Performance, die im \u00fcbrigen gar nicht so \u00fcbel ist und den Ansatz &#8222;Buy and Hold&#8220; best\u00e4tigt, aber weiterhin verfolgbar:<\/p>\n\n\n\n<p>-> <a href=\"https:\/\/www.wikifolio.com\/de\/de\/p\/pcr\" target=\"_blank\" rel=\"noreferrer noopener\">\u00dcbersicht \u00fcber meine bisher publizierten Wikifolios<\/a><\/p>\n\n\n\n<h4 class=\"wp-block-heading\">Meine Wikifolios im einzelnen:<\/h4>\n\n\n\n<ul class=\"wp-block-list\"><li><a href=\"https:\/\/www.wikifolio.com\/de\/de\/w\/wf00pf2020\" target=\"_blank\" rel=\"noreferrer noopener\">Powerfrauen<\/a><\/li><li><a href=\"https:\/\/www.wikifolio.com\/de\/de\/w\/wf00rz2020\" target=\"_blank\" rel=\"noreferrer noopener\">Resilienz<\/a><\/li><li><a href=\"https:\/\/www.wikifolio.com\/de\/de\/w\/wf0sar2020\" target=\"_blank\" rel=\"noreferrer noopener\">spekulativ<\/a><\/li><\/ul>\n","protected":false},"excerpt":{"rendered":"<p>Ich habe die Arbeit an meinen Wikifolios aus Zeitmangel vorl\u00e4ufig eingestellt. Da sich einmal publizierte Wikifolios nicht komplett l\u00f6schen lassen, ist die Performance, die im \u00fcbrigen gar nicht so \u00fcbel ist und den Ansatz &#8222;Buy and Hold&#8220; best\u00e4tigt, aber weiterhin&hellip;<\/p>\n","protected":false},"author":1,"featured_media":0,"parent":0,"menu_order":0,"comment_status":"open","ping_status":"closed","template":"","meta":{"footnotes":""},"class_list":["post-1989","page","type-page","status-publish","hentry"],"jetpack-related-posts":[],"jetpack_sharing_enabled":true,"_links":{"self":[{"href":"https:\/\/wordpress.fobis.org\/anlegerin\/wp-json\/wp\/v2\/pages\/1989","targetHints":{"allow":["GET"]}}],"collection":[{"href":"https:\/\/wordpress.fobis.org\/anlegerin\/wp-json\/wp\/v2\/pages"}],"about":[{"href":"https:\/\/wordpress.fobis.org\/anlegerin\/wp-json\/wp\/v2\/types\/page"}],"author":[{"embeddable":true,"href":"https:\/\/wordpress.fobis.org\/anlegerin\/wp-json\/wp\/v2\/users\/1"}],"replies":[{"embeddable":true,"href":"https:\/\/wordpress.fobis.org\/anlegerin\/wp-json\/wp\/v2\/comments?post=1989"}],"version-history":[{"count":1,"href":"https:\/\/wordpress.fobis.org\/anlegerin\/wp-json\/wp\/v2\/pages\/1989\/revisions"}],"predecessor-version":[{"id":1990,"href":"https:\/\/wordpress.fobis.org\/anlegerin\/wp-json\/wp\/v2\/pages\/1989\/revisions\/1990"}],"wp:attachment":[{"href":"https:\/\/wordpress.fobis.org\/anlegerin\/wp-json\/wp\/v2\/media?parent=1989"}],"curies":[{"name":"wp","href":"https:\/\/api.w.org\/{rel}","templated":true}]}}